{"id":200,"date":"2023-09-26T22:00:30","date_gmt":"2023-09-27T01:00:30","guid":{"rendered":"https:\/\/jiboiasagrada.com.br\/?page_id=200"},"modified":"2023-10-04T23:14:54","modified_gmt":"2023-10-05T02:14:54","slug":"ayahuasca","status":"publish","type":"page","link":"https:\/\/jiboiasagrada.com.br\/en\/ayahuasca\/","title":{"rendered":"Ayahuasca"},"content":{"rendered":"<div data-elementor-type=\"wp-page\" data-elementor-id=\"200\" class=\"elementor elementor-200\" data-elementor-post-type=\"page\">\n\t\t\t\t\t\t<section class=\"elementor-section elementor-top-section elementor-element elementor-element-7598cdbd elementor-section-full_width elementor-section-height-default elementor-section-height-default\" data-id=\"7598cdbd\" data-element_type=\"section\" data-e-type=\"section\" data-settings=\"{&quot;background_background&quot;:&quot;classic&quot;}\">\n\t\t\t\t\t\t\t<div class=\"elementor-background-overlay\"><\/div>\n\t\t\t\t\t\t\t<div class=\"elementor-container elementor-column-gap-no\">\n\t\t\t\t\t<div class=\"elementor-column elementor-col-100 elementor-top-column elementor-element elementor-element-87befed\" data-id=\"87befed\" data-element_type=\"column\" data-e-type=\"column\">\n\t\t\t<div class=\"elementor-widget-wrap elementor-element-populated\">\n\t\t\t\t\t\t<div class=\"elementor-element elementor-element-7484a7a5 elementor-widget elementor-widget-heading\" data-id=\"7484a7a5\" data-element_type=\"widget\" data-e-type=\"widget\" data-widget_type=\"heading.default\">\n\t\t\t\t<div class=\"elementor-widget-container\">\n\t\t\t\t\t<h2 class=\"elementor-heading-title elementor-size-default\">Ayahuasca<\/h2>\t\t\t\t<\/div>\n\t\t\t\t<\/div>\n\t\t\t\t<div class=\"elementor-element elementor-element-73493831 elementor-widget elementor-widget-heading\" data-id=\"73493831\" data-element_type=\"widget\" data-e-type=\"widget\" data-widget_type=\"heading.default\">\n\t\t\t\t<div class=\"elementor-widget-container\">\n\t\t\t\t\t<p class=\"elementor-heading-title elementor-size-default\">Home &gt; Ayahuasca<\/p>\t\t\t\t<\/div>\n\t\t\t\t<\/div>\n\t\t\t\t\t<\/div>\n\t\t<\/div>\n\t\t\t\t\t<\/div>\n\t\t<\/section>\n\t\t\t\t<section class=\"elementor-section elementor-top-section elementor-element elementor-element-1fb06771 elementor-section-content-middle elementor-section-boxed elementor-section-height-default elementor-section-height-default\" data-id=\"1fb06771\" data-element_type=\"section\" data-e-type=\"section\">\n\t\t\t\t\t\t<div class=\"elementor-container elementor-column-gap-default\">\n\t\t\t\t\t<div class=\"elementor-column elementor-col-50 elementor-top-column elementor-element elementor-element-596b63bf\" data-id=\"596b63bf\" data-element_type=\"column\" data-e-type=\"column\">\n\t\t\t<div class=\"elementor-widget-wrap elementor-element-populated\">\n\t\t\t\t\t\t<div class=\"elementor-element elementor-element-509994d1 elementor-widget elementor-widget-image\" data-id=\"509994d1\" data-element_type=\"widget\" data-e-type=\"widget\" data-widget_type=\"image.default\">\n\t\t\t\t<div class=\"elementor-widget-container\">\n\t\t\t\t\t\t\t\t\t\t\t\t\t\t\t<img fetchpriority=\"high\" decoding=\"async\" width=\"1440\" height=\"1800\" src=\"https:\/\/jiboiasagrada.com.br\/wp-content\/uploads\/2023\/10\/feitil_panela.jpg\" class=\"attachment-full size-full wp-image-996\" alt=\"\" srcset=\"https:\/\/jiboiasagrada.com.br\/wp-content\/uploads\/2023\/10\/feitil_panela.jpg 1440w, https:\/\/jiboiasagrada.com.br\/wp-content\/uploads\/2023\/10\/feitil_panela-240x300.jpg 240w, https:\/\/jiboiasagrada.com.br\/wp-content\/uploads\/2023\/10\/feitil_panela-819x1024.jpg 819w, https:\/\/jiboiasagrada.com.br\/wp-content\/uploads\/2023\/10\/feitil_panela-768x960.jpg 768w, https:\/\/jiboiasagrada.com.br\/wp-content\/uploads\/2023\/10\/feitil_panela-1229x1536.jpg 1229w, https:\/\/jiboiasagrada.com.br\/wp-content\/uploads\/2023\/10\/feitil_panela-10x12.jpg 10w, https:\/\/jiboiasagrada.com.br\/wp-content\/uploads\/2023\/10\/feitil_panela-600x750.jpg 600w\" sizes=\"(max-width: 1440px) 100vw, 1440px\" \/>\t\t\t\t\t\t\t\t\t\t\t\t\t\t\t<\/div>\n\t\t\t\t<\/div>\n\t\t\t\t\t<\/div>\n\t\t<\/div>\n\t\t\t\t<div class=\"elementor-column elementor-col-50 elementor-top-column elementor-element elementor-element-272c50f5\" data-id=\"272c50f5\" data-element_type=\"column\" data-e-type=\"column\">\n\t\t\t<div class=\"elementor-widget-wrap elementor-element-populated\">\n\t\t\t\t\t\t<div class=\"elementor-element elementor-element-4c1e70f5 elementor-widget elementor-widget-heading\" data-id=\"4c1e70f5\" data-element_type=\"widget\" data-e-type=\"widget\" data-widget_type=\"heading.default\">\n\t\t\t\t<div class=\"elementor-widget-container\">\n\t\t\t\t\t<h3 class=\"elementor-heading-title elementor-size-default\">Ayahuasca: A Journey of Consciousness and Perception<\/h3>\t\t\t\t<\/div>\n\t\t\t\t<\/div>\n\t\t\t\t<div class=\"elementor-element elementor-element-189bb17d elementor-widget elementor-widget-text-editor\" data-id=\"189bb17d\" data-element_type=\"widget\" data-e-type=\"widget\" data-widget_type=\"text-editor.default\">\n\t\t\t\t<div class=\"elementor-widget-container\">\n\t\t\t\t\t\t\t\t\t<p><span style=\"font-weight: 400;\">Let's talk briefly about ayahuasca medicine because, to really get to know it, you need to try it.<\/span><\/p><p><span style=\"font-weight: 400;\">Ayahuasca is a psychoactive entheogenic drink produced by boiling two plants: the vine Banisteriopsis caapi (mariri or jagube) and the leaves of the shrub Psychotria viridis (queen or chacrona).<\/span><\/p><p><span style=\"font-weight: 400;\">Ayahuasca, from the Quechua aya, meaning 'dead, deceased, spirit', and waska, 'vine', can be translated as \u201cvine of the dead\u201d or \u201cvine of the spirit\u201d. This drink is also known as hoasca, daime, iag\u00ea, santo-daime, wine of the soul, and vegetal.<\/span><\/p><p><span style=\"font-weight: 400;\">It is important to emphasize that Ayahuasca is not a drug, and its use definitely does not cause any kind of dependency. Research has proven that it has no harmful effects on the body; on the contrary, its medicinal or therapeutic use is increasingly proven.<\/span><\/p>\t\t\t\t\t\t\t\t<\/div>\n\t\t\t\t<\/div>\n\t\t\t\t\t<\/div>\n\t\t<\/div>\n\t\t\t\t\t<\/div>\n\t\t<\/section>\n\t\t\t\t<section class=\"elementor-section elementor-top-section elementor-element elementor-element-5d5a01a7 elementor-section-boxed elementor-section-height-default elementor-section-height-default\" data-id=\"5d5a01a7\" data-element_type=\"section\" data-e-type=\"section\" data-settings=\"{&quot;background_background&quot;:&quot;classic&quot;}\">\n\t\t\t\t\t\t\t<div class=\"elementor-background-overlay\"><\/div>\n\t\t\t\t\t\t\t<div class=\"elementor-container elementor-column-gap-default\">\n\t\t\t\t\t<div class=\"elementor-column elementor-col-50 elementor-top-column elementor-element elementor-element-43dfba8c\" data-id=\"43dfba8c\" data-element_type=\"column\" data-e-type=\"column\">\n\t\t\t<div class=\"elementor-widget-wrap elementor-element-populated\">\n\t\t\t\t\t\t<div class=\"elementor-element elementor-element-e5b5ce9 elementor-widget elementor-widget-text-editor\" data-id=\"e5b5ce9\" data-element_type=\"widget\" data-e-type=\"widget\" data-widget_type=\"text-editor.default\">\n\t\t\t\t<div class=\"elementor-widget-container\">\n\t\t\t\t\t\t\t\t\t<p><span style=\"font-weight: 400;\">Ayahuasca acts directly on the central nervous system, elevating all the senses to a level of extreme awareness. The individual can clearly experience a broadening of perception and access to subconscious psychic levels, among other perceptions of reality, while being totally aware of what is happening (hyper lucidity), a state of presence in the now.<\/span><\/p><p><span style=\"font-weight: 400;\">Mental processes and emotions can be experienced more intensely, and relaxation music leads the individual to a state of deep meditation, a direct encounter with their inner (or divine) self, and an expansion of consciousness. In this state of expanded consciousness, one can experience various experiences such as remarkable visions (mira\u00e7\u00e3o), insights, examination of consciousness where the individual is placed as a spectator of their actions, self-healing, and direct access to memory, which can lead to visions of past events, among many other beneficial sensations of renewal and rebirth.<\/span><\/p><p><span style=\"font-weight: 400;\">It's also important to emphasize here that ayahuasca medicine doesn't work miracles in anyone's life. The freedom to make the changes it proposes will always be respected.<\/span><\/p><p><span style=\"font-weight: 400;\">Remember that the medicines are for everyone, but not everyone is for the medicine, so above all, respect yourself, and even if this medicine isn't for you, respect the force that dwells within it.<\/span><\/p>\t\t\t\t\t\t\t\t<\/div>\n\t\t\t\t<\/div>\n\t\t\t\t\t<\/div>\n\t\t<\/div>\n\t\t\t\t<div class=\"elementor-column elementor-col-50 elementor-top-column elementor-element elementor-element-fb5cc85\" data-id=\"fb5cc85\" data-element_type=\"column\" data-e-type=\"column\">\n\t\t\t<div class=\"elementor-widget-wrap elementor-element-populated\">\n\t\t\t\t\t\t<div class=\"elementor-element elementor-element-d5edf91 elementor-widget elementor-widget-image\" data-id=\"d5edf91\" data-element_type=\"widget\" data-e-type=\"widget\" data-widget_type=\"image.default\">\n\t\t\t\t<div class=\"elementor-widget-container\">\n\t\t\t\t\t\t\t\t\t\t\t\t\t\t\t<img decoding=\"async\" width=\"1440\" height=\"1800\" src=\"https:\/\/jiboiasagrada.com.br\/wp-content\/uploads\/2023\/10\/feitil_mexendo_panela.jpg\" class=\"attachment-full size-full wp-image-997\" alt=\"\" srcset=\"https:\/\/jiboiasagrada.com.br\/wp-content\/uploads\/2023\/10\/feitil_mexendo_panela.jpg 1440w, https:\/\/jiboiasagrada.com.br\/wp-content\/uploads\/2023\/10\/feitil_mexendo_panela-240x300.jpg 240w, https:\/\/jiboiasagrada.com.br\/wp-content\/uploads\/2023\/10\/feitil_mexendo_panela-819x1024.jpg 819w, https:\/\/jiboiasagrada.com.br\/wp-content\/uploads\/2023\/10\/feitil_mexendo_panela-768x960.jpg 768w, https:\/\/jiboiasagrada.com.br\/wp-content\/uploads\/2023\/10\/feitil_mexendo_panela-1229x1536.jpg 1229w, https:\/\/jiboiasagrada.com.br\/wp-content\/uploads\/2023\/10\/feitil_mexendo_panela-10x12.jpg 10w, https:\/\/jiboiasagrada.com.br\/wp-content\/uploads\/2023\/10\/feitil_mexendo_panela-600x750.jpg 600w\" sizes=\"(max-width: 1440px) 100vw, 1440px\" \/>\t\t\t\t\t\t\t\t\t\t\t\t\t\t\t<\/div>\n\t\t\t\t<\/div>\n\t\t\t\t\t<\/div>\n\t\t<\/div>\n\t\t\t\t\t<\/div>\n\t\t<\/section>\n\t\t\t\t<\/div>","protected":false},"excerpt":{"rendered":"<p>Ayahuasca Home &gt; Ayahuasca A Ayahuasca: Uma Jornada de Consci\u00eancia e Percep\u00e7\u00e3o Vamos falar superficialmente sobre a medicina da ayahuasca, pois para conhecer de fato essa medicina, \u00e9 necess\u00e1rio dela provar. A Ayahuasca \u00e9 uma bebida psicoativa ente\u00f3gena produzida por decoc\u00e7\u00e3o de duas plantas: o cip\u00f3 Banisteriopsis caapi (mariri ou jagube) com as folhas do&#8230;<\/p>","protected":false},"author":1,"featured_media":0,"parent":0,"menu_order":0,"comment_status":"closed","ping_status":"closed","template":"elementor_header_footer","meta":{"om_disable_all_campaigns":false,"_monsterinsights_skip_tracking":false,"_monsterinsights_sitenote_active":false,"_monsterinsights_sitenote_note":"","_monsterinsights_sitenote_category":0,"_uf_show_specific_survey":0,"_uf_disable_surveys":false,"footnotes":""},"class_list":["post-200","page","type-page","status-publish","hentry"],"aioseo_notices":[],"_links":{"self":[{"href":"https:\/\/jiboiasagrada.com.br\/en\/wp-json\/wp\/v2\/pages\/200","targetHints":{"allow":["GET"]}}],"collection":[{"href":"https:\/\/jiboiasagrada.com.br\/en\/wp-json\/wp\/v2\/pages"}],"about":[{"href":"https:\/\/jiboiasagrada.com.br\/en\/wp-json\/wp\/v2\/types\/page"}],"author":[{"embeddable":true,"href":"https:\/\/jiboiasagrada.com.br\/en\/wp-json\/wp\/v2\/users\/1"}],"replies":[{"embeddable":true,"href":"https:\/\/jiboiasagrada.com.br\/en\/wp-json\/wp\/v2\/comments?post=200"}],"version-history":[{"count":28,"href":"https:\/\/jiboiasagrada.com.br\/en\/wp-json\/wp\/v2\/pages\/200\/revisions"}],"predecessor-version":[{"id":1003,"href":"https:\/\/jiboiasagrada.com.br\/en\/wp-json\/wp\/v2\/pages\/200\/revisions\/1003"}],"wp:attachment":[{"href":"https:\/\/jiboiasagrada.com.br\/en\/wp-json\/wp\/v2\/media?parent=200"}],"curies":[{"name":"wp","href":"https:\/\/api.w.org\/{rel}","templated":true}]}}